

{"id":1920,"date":"2018-10-23T14:48:02","date_gmt":"2018-10-23T14:48:02","guid":{"rendered":"https:\/\/warp.lacnic.net\/el-proyecto-amparo"},"modified":"2020-09-15T18:29:35","modified_gmt":"2020-09-15T15:29:35","slug":"el-proyecto-amparo","status":"publish","type":"page","link":"https:\/\/csirt.lacnic.net\/en\/el-proyecto-amparo","title":{"rendered":"El proyecto AMPARO"},"content":{"rendered":"<p>El proyecto AMPARO fue una iniciativa de LACNIC, el Registro de Direcciones de Internet para Am\u00e9rica Latina y el Caribe, que en su primera fase de desarrollo cont\u00f3 con el apoyo del Centro Internacional de Investigaciones para el Desarrollo (International Development Research Center \u2013 IDRC) de Canad\u00e1.<\/p>\n<p>Este proyecto tuvo como prop\u00f3sito fortalecer la difusi\u00f3n, conocimiento y atenci\u00f3n de la problem\u00e1tica de Seguridad Inform\u00e1tica en los distintos pa\u00edses de Am\u00e9rica Latina y el Caribe, fundamentalmente en el \u00e1mbito privado de las empresas y organizaciones sociales. El enfoque principal es el de promover la difusi\u00f3n y capacitaci\u00f3n.<\/p>\n<p>Alentamos la participaci\u00f3n de la comunidad en el intercambio de experiencias y conocimientos y el desarrollo de contenidos t\u00e9cnicos en temas relevantes dentro del campo de la Seguridad Inform\u00e1tica, a trav\u00e9s de las listas de correo, conferencias virtuales y eventos presenciales.<\/p>\n<p>Ver documentos del proyecto.<\/p>\n<p><a href=\"https:\/\/csirt.lacnic.net\/wp-content\/uploads\/Informe_amparo_fase_I.pdf\">Informe de fase I<\/a><br \/>\n<a href=\"https:\/\/csirt.lacnic.net\/wp-content\/uploads\/Informe_amparo_fase_I.pdf\">Perfil de fase II<\/a><\/p>\n","protected":false},"excerpt":{"rendered":"<p>El proyecto AMPARO fue una iniciativa de LACNIC, el Registro de Direcciones de Internet para Am\u00e9rica Latina y el Caribe, que en su primera fase de desarrollo cont\u00f3 con el apoyo del Centro Internacional de Investigaciones para el Desarrollo (International Development Research Center \u2013 IDRC) de Canad\u00e1. Este proyecto tuvo como prop\u00f3sito fortalecer la difusi\u00f3n, [&hellip;]<\/p>\n","protected":false},"author":3,"featured_media":0,"parent":0,"menu_order":0,"comment_status":"closed","ping_status":"closed","template":"","meta":{"_acf_changed":false,"footnotes":""},"class_list":["post-1920","page","type-page","status-publish","hentry"],"acf":[],"yoast_head":"<!-- This site is optimized with the Yoast SEO plugin v27.4 - https:\/\/yoast.com\/product\/yoast-seo-wordpress\/ -->\n<title>LACNIC CSIRT - El proyecto AMPARO<\/title>\n<meta name=\"description\" content=\"The Amparo Project offers training and education on Computer Security related issues, particularly the creation of regional security incident response centers.\" \/>\n<meta name=\"robots\" content=\"index, follow, max-snippet:-1, max-image-preview:large, max-video-preview:-1\" \/>\n<link rel=\"canonical\" href=\"https:\/\/csirt.lacnic.net\/en\/el-proyecto-amparo\" \/>\n<meta property=\"og:locale\" content=\"en_US\" \/>\n<meta property=\"og:type\" content=\"article\" \/>\n<meta property=\"og:title\" content=\"LACNIC CSIRT - El proyecto AMPARO\" \/>\n<meta property=\"og:description\" content=\"The Amparo Project offers training and education on Computer Security related issues, particularly the creation of regional security incident response centers.\" \/>\n<meta property=\"og:url\" content=\"https:\/\/csirt.lacnic.net\/en\/el-proyecto-amparo\" \/>\n<meta property=\"og:site_name\" content=\"LACNIC CSIRT\" \/>\n<meta property=\"article:modified_time\" content=\"2020-09-15T15:29:35+00:00\" \/>\n<meta property=\"og:image\" content=\"https:\/\/csirt.lacnic.net\/wp-content\/uploads\/lacnic-csirt-2020.png\" \/>\n\t<meta property=\"og:image:width\" content=\"680\" \/>\n\t<meta property=\"og:image:height\" content=\"330\" \/>\n\t<meta property=\"og:image:type\" content=\"image\/png\" \/>\n<meta name=\"twitter:card\" content=\"summary_large_image\" \/>\n<meta name=\"twitter:site\" content=\"@lacnic_csirt\" \/>\n<script type=\"application\/ld+json\" class=\"yoast-schema-graph\">{\"@context\":\"https:\\\/\\\/schema.org\",\"@graph\":[{\"@type\":\"WebPage\",\"@id\":\"https:\\\/\\\/csirt.lacnic.net\\\/en\\\/el-proyecto-amparo\",\"url\":\"https:\\\/\\\/csirt.lacnic.net\\\/en\\\/el-proyecto-amparo\",\"name\":\"LACNIC CSIRT - El proyecto AMPARO\",\"isPartOf\":{\"@id\":\"https:\\\/\\\/csirt.lacnic.net\\\/en\\\/#website\"},\"datePublished\":\"2018-10-23T14:48:02+00:00\",\"dateModified\":\"2020-09-15T15:29:35+00:00\",\"description\":\"The Amparo Project offers training and education on Computer Security related issues, particularly the creation of regional security incident response centers.\",\"breadcrumb\":{\"@id\":\"https:\\\/\\\/csirt.lacnic.net\\\/en\\\/el-proyecto-amparo#breadcrumb\"},\"inLanguage\":\"en-US\",\"potentialAction\":[{\"@type\":\"ReadAction\",\"target\":[\"https:\\\/\\\/csirt.lacnic.net\\\/en\\\/el-proyecto-amparo\"]}]},{\"@type\":\"BreadcrumbList\",\"@id\":\"https:\\\/\\\/csirt.lacnic.net\\\/en\\\/el-proyecto-amparo#breadcrumb\",\"itemListElement\":[{\"@type\":\"ListItem\",\"position\":1,\"name\":\"Portada\",\"item\":\"https:\\\/\\\/csirt.lacnic.net\\\/en\"},{\"@type\":\"ListItem\",\"position\":2,\"name\":\"El proyecto AMPARO\"}]},{\"@type\":\"WebSite\",\"@id\":\"https:\\\/\\\/csirt.lacnic.net\\\/en\\\/#website\",\"url\":\"https:\\\/\\\/csirt.lacnic.net\\\/en\\\/\",\"name\":\"LACNIC CSIRT\",\"description\":\"Incident Response Center - LACNIC CSIRT\",\"publisher\":{\"@id\":\"https:\\\/\\\/csirt.lacnic.net\\\/en\\\/#organization\"},\"potentialAction\":[{\"@type\":\"SearchAction\",\"target\":{\"@type\":\"EntryPoint\",\"urlTemplate\":\"https:\\\/\\\/csirt.lacnic.net\\\/en\\\/?s={search_term_string}\"},\"query-input\":{\"@type\":\"PropertyValueSpecification\",\"valueRequired\":true,\"valueName\":\"search_term_string\"}}],\"inLanguage\":\"en-US\"},{\"@type\":\"Organization\",\"@id\":\"https:\\\/\\\/csirt.lacnic.net\\\/en\\\/#organization\",\"name\":\"LACNIC CSIRT\",\"url\":\"https:\\\/\\\/csirt.lacnic.net\\\/en\\\/\",\"logo\":{\"@type\":\"ImageObject\",\"inLanguage\":\"en-US\",\"@id\":\"https:\\\/\\\/csirt.lacnic.net\\\/en\\\/#\\\/schema\\\/logo\\\/image\\\/\",\"url\":\"https:\\\/\\\/csirt.lacnic.net\\\/wp-content\\\/uploads\\\/lacnic-csirt-2020.png\",\"contentUrl\":\"https:\\\/\\\/csirt.lacnic.net\\\/wp-content\\\/uploads\\\/lacnic-csirt-2020.png\",\"width\":680,\"height\":330,\"caption\":\"LACNIC CSIRT\"},\"image\":{\"@id\":\"https:\\\/\\\/csirt.lacnic.net\\\/en\\\/#\\\/schema\\\/logo\\\/image\\\/\"},\"sameAs\":[\"https:\\\/\\\/x.com\\\/lacnic_csirt\"]}]}<\/script>\n<!-- \/ Yoast SEO plugin. -->","yoast_head_json":{"title":"LACNIC CSIRT - El proyecto AMPARO","description":"The Amparo Project offers training and education on Computer Security related issues, particularly the creation of regional security incident response centers.","robots":{"index":"index","follow":"follow","max-snippet":"max-snippet:-1","max-image-preview":"max-image-preview:large","max-video-preview":"max-video-preview:-1"},"canonical":"https:\/\/csirt.lacnic.net\/en\/el-proyecto-amparo","og_locale":"en_US","og_type":"article","og_title":"LACNIC CSIRT - El proyecto AMPARO","og_description":"The Amparo Project offers training and education on Computer Security related issues, particularly the creation of regional security incident response centers.","og_url":"https:\/\/csirt.lacnic.net\/en\/el-proyecto-amparo","og_site_name":"LACNIC CSIRT","article_modified_time":"2020-09-15T15:29:35+00:00","og_image":[{"width":680,"height":330,"url":"https:\/\/csirt.lacnic.net\/wp-content\/uploads\/lacnic-csirt-2020.png","type":"image\/png"}],"twitter_card":"summary_large_image","twitter_site":"@lacnic_csirt","schema":{"@context":"https:\/\/schema.org","@graph":[{"@type":"WebPage","@id":"https:\/\/csirt.lacnic.net\/en\/el-proyecto-amparo","url":"https:\/\/csirt.lacnic.net\/en\/el-proyecto-amparo","name":"LACNIC CSIRT - El proyecto AMPARO","isPartOf":{"@id":"https:\/\/csirt.lacnic.net\/en\/#website"},"datePublished":"2018-10-23T14:48:02+00:00","dateModified":"2020-09-15T15:29:35+00:00","description":"The Amparo Project offers training and education on Computer Security related issues, particularly the creation of regional security incident response centers.","breadcrumb":{"@id":"https:\/\/csirt.lacnic.net\/en\/el-proyecto-amparo#breadcrumb"},"inLanguage":"en-US","potentialAction":[{"@type":"ReadAction","target":["https:\/\/csirt.lacnic.net\/en\/el-proyecto-amparo"]}]},{"@type":"BreadcrumbList","@id":"https:\/\/csirt.lacnic.net\/en\/el-proyecto-amparo#breadcrumb","itemListElement":[{"@type":"ListItem","position":1,"name":"Portada","item":"https:\/\/csirt.lacnic.net\/en"},{"@type":"ListItem","position":2,"name":"El proyecto AMPARO"}]},{"@type":"WebSite","@id":"https:\/\/csirt.lacnic.net\/en\/#website","url":"https:\/\/csirt.lacnic.net\/en\/","name":"LACNIC CSIRT","description":"Incident Response Center - LACNIC CSIRT","publisher":{"@id":"https:\/\/csirt.lacnic.net\/en\/#organization"},"potentialAction":[{"@type":"SearchAction","target":{"@type":"EntryPoint","urlTemplate":"https:\/\/csirt.lacnic.net\/en\/?s={search_term_string}"},"query-input":{"@type":"PropertyValueSpecification","valueRequired":true,"valueName":"search_term_string"}}],"inLanguage":"en-US"},{"@type":"Organization","@id":"https:\/\/csirt.lacnic.net\/en\/#organization","name":"LACNIC CSIRT","url":"https:\/\/csirt.lacnic.net\/en\/","logo":{"@type":"ImageObject","inLanguage":"en-US","@id":"https:\/\/csirt.lacnic.net\/en\/#\/schema\/logo\/image\/","url":"https:\/\/csirt.lacnic.net\/wp-content\/uploads\/lacnic-csirt-2020.png","contentUrl":"https:\/\/csirt.lacnic.net\/wp-content\/uploads\/lacnic-csirt-2020.png","width":680,"height":330,"caption":"LACNIC CSIRT"},"image":{"@id":"https:\/\/csirt.lacnic.net\/en\/#\/schema\/logo\/image\/"},"sameAs":["https:\/\/x.com\/lacnic_csirt"]}]}},"jetpack_sharing_enabled":true,"_links":{"self":[{"href":"https:\/\/csirt.lacnic.net\/en\/wp-json\/wp\/v2\/pages\/1920","targetHints":{"allow":["GET"]}}],"collection":[{"href":"https:\/\/csirt.lacnic.net\/en\/wp-json\/wp\/v2\/pages"}],"about":[{"href":"https:\/\/csirt.lacnic.net\/en\/wp-json\/wp\/v2\/types\/page"}],"author":[{"embeddable":true,"href":"https:\/\/csirt.lacnic.net\/en\/wp-json\/wp\/v2\/users\/3"}],"replies":[{"embeddable":true,"href":"https:\/\/csirt.lacnic.net\/en\/wp-json\/wp\/v2\/comments?post=1920"}],"version-history":[{"count":0,"href":"https:\/\/csirt.lacnic.net\/en\/wp-json\/wp\/v2\/pages\/1920\/revisions"}],"wp:attachment":[{"href":"https:\/\/csirt.lacnic.net\/en\/wp-json\/wp\/v2\/media?parent=1920"}],"curies":[{"name":"wp","href":"https:\/\/api.w.org\/{rel}","templated":true}]}}