

{"id":2214,"date":"2019-05-14T15:53:59","date_gmt":"2019-05-14T15:53:59","guid":{"rendered":"https:\/\/warp.lacnic.net\/?page_id=2214"},"modified":"2020-09-15T18:27:01","modified_gmt":"2020-09-15T15:27:01","slug":"amparo-workshop","status":"publish","type":"page","link":"https:\/\/csirt.lacnic.net\/en\/amparo-workshop","title":{"rendered":"Amparo Workshop"},"content":{"rendered":"<p>At first, the <a href=\"https:\/\/csirt.lacnic.net\/el-proyecto-amparo\">Amparo Project<\/a> was geared mainly towards strengthening, disseminating and creating knowledge on Computer Security Incident Response Teams (CSIRTs).<\/p>\n<p>Starting in 2013 and based on its years of experience, the Amparo Workshop positioned itself as a space for learning about various computer security related topics. Thus, it began focusing on offering training and strengthening other topics, including:<\/p>\n<ul>\n<li>DNS security \/ DNSSEC deployment<\/li>\n<li>Secure routing (best practices, resource certification, use of RPKI)<\/li>\n<li>Network security<\/li>\n<li>The implications of IPv4 exhaustion for Internet security, particularly for incident management<\/li>\n<li>Other topics decided based on the needs identified within the community<\/li>\n<\/ul>\n<p>This currently includes two workshops: a basic workshop and an advanced workshop. The two allow participants to learn how to create and manage a Computer Security Incident Response Team.<\/p>\n<p><strong>Manuals<\/strong><\/p>\n<p><strong>Basic Computer Security Incident Management<\/strong><\/p>\n<ul>\n<li><a href=\"https:\/\/csirt.lacnic.net\/wp-content\/themes\/warpnew\/docs\/manual_basico_sp.pdf\">Download Spanish version of the Manual<\/a><\/li>\n<\/ul>\n<p><strong>Prior editions<\/strong><\/p>\n<h3>2018<\/h3>\n<ul>\n<li><a href=\"https:\/\/csirt.lacnic.net\/talleres\/amparo-training-how-to-set-up-a-csirt-trinidad-y-tobago\">AMPARO Training \u201cHow to set up a CSIRT\u201d \u2013 Trinidad y Tobago<\/a><\/li>\n<\/ul>\n<h3>2017<\/h3>\n<ul>\n<li><a href=\"https:\/\/csirt.lacnic.net\/talleres\/taller-de-creacion-de-un-centro-de-respuesta-a-incidentes-de-seguridad-medellin-colombia\">Taller de Creaci\u00f3n de un Centro de Respuesta a Incidentes de Seguridad \u2013 Medell\u00edn, Colombia<\/a><\/li>\n<li><a href=\"https:\/\/csirt.lacnic.net\/talleres\/taller-amparo-creacion-de-un-centro-de-respuesta-a-incidentes-de-seguridad-suriname\">Taller Amparo \u2013 Creaci\u00f3n de un Centro de Respuesta a Incidentes de Seguridad \u2013 Suriname <\/a><\/li>\n<li><a href=\"https:\/\/csirt.lacnic.net\/talleres\/taller-amparo-creacion-de-un-centro-de-respuesta-a-incidentes-de-seguridad-haiti\">Taller Amparo \u2013 Creaci\u00f3n de un Centro de Respuesta a Incidentes de Seguridad \u2013 HAITI <\/a><\/li>\n<\/ul>\n<h3>2016<\/h3>\n<ul>\n<li><a href=\"https:\/\/csirt.lacnic.net\/talleres\/taller-basico-de-formacion-en-seguridad-informatica-guayaquil-ecuador\">Taller b\u00e1sico de formaci\u00f3n en Seguridad Inform\u00e1tica \u2013 Guayaquil, Ecuador<\/a><\/li>\n<li><a href=\"https:\/\/csirt.lacnic.net\/talleres\/taller-basico-de-formacion-en-seguridad-informatica-la-paz-bolivia\">Taller b\u00e1sico de formaci\u00f3n en Seguridad Inform\u00e1tica \u2013 La Paz, Bolivia <\/a><\/li>\n<li><a href=\"https:\/\/csirt.lacnic.net\/talleres\/taller-basico-de-formacion-en-seguridad-informatica-belize\">Taller b\u00e1sico de formaci\u00f3n en Seguridad Inform\u00e1tica \u2013 Belize <\/a><\/li>\n<li><a href=\"https:\/\/csirt.lacnic.net\/talleres\/taller-basico-de-formacion-en-seguridad-informatica-montevideo\">Taller b\u00e1sico de formaci\u00f3n en Seguridad Inform\u00e1tica \u2013 Montevideo <\/a><\/li>\n<li><a href=\"https:\/\/csirt.lacnic.net\/talleres\/taller-basico-de-formacion-en-seguridad-informatica-republica-dominicana\">Taller b\u00e1sico de formaci\u00f3n en Seguridad Inform\u00e1tica \u2013 Rep\u00fablica Dominicana <\/a><\/li>\n<\/ul>\n<h3>2015<\/h3>\n<ul>\n<li><a href=\"https:\/\/csirt.lacnic.net\/talleres\/taller-basico-de-formacion-en-seguridad-informatica-la-habana-cuba\">Taller b\u00e1sico de formaci\u00f3n en Seguridad Inform\u00e1tica \u2013 La Habana, Cuba <\/a><\/li>\n<li><a href=\"https:\/\/csirt.lacnic.net\/talleres\/evaluaciones-de-seguridad-una-introduccion-al-proceso-de-planificacion-y-ejecucion\">Evaluaciones de seguridad: Una introducci\u00f3n al proceso de planificaci\u00f3n y ejecuci\u00f3n <\/a><\/li>\n<li><a href=\"https:\/\/csirt.lacnic.net\/talleres\/taller-de-formacion-en-seguridad-informatica-paraguay\">Taller de formaci\u00f3n en Seguridad Inform\u00e1tica \u2013 Paraguay <\/a><\/li>\n<li><a href=\"https:\/\/csirt.lacnic.net\/talleres\/taller-de-formacion-en-seguridad-informatica-costa-rica\">Taller de formaci\u00f3n en Seguridad Inform\u00e1tica \u2013 Costa Rica <\/a><\/li>\n<\/ul>\n<h3>2014<\/h3>\n<ul>\n<li><a href=\"https:\/\/csirt.lacnic.net\/talleres\/taller-basico-de-formacion-en-seguridad-informatica-colonia-palmira-tegucigalpa-honduras\">Taller b\u00e1sico de formaci\u00f3n en Seguridad Inform\u00e1tica (Colonia Palmira Tegucigalpa, Honduras) <\/a><\/li>\n<\/ul>\n<h3>2013<\/h3>\n<ul>\n<li><a href=\"https:\/\/csirt.lacnic.net\/talleres\/taller-basico-de-formacion-en-seguridad-informatica-cochabamba-bolivia\">Taller b\u00e1sico de formaci\u00f3n en Seguridad Inform\u00e1tica (Cochabamba, Bolivia)<\/a><\/li>\n<\/ul>\n<h3>2012<\/h3>\n<ul>\n<li><a href=\"https:\/\/csirt.lacnic.net\/talleres\/tercera-reunion-regional-de-csirts-de-alc-en-montevideo\">31 de octubre de 2012 | 3ra Reuni\u00f3n Regional de CSIRTs de ALC en Montevideo <\/a><\/li>\n<li><a href=\"https:\/\/csirt.lacnic.net\/talleres\/segundo-taller-regional-para-la-formacion-de-instructores-en-montevideo-uruguay\">6 \u2013 10 de Agosto 2012 | Segundo Taller Regional para la Formaci\u00f3n de Instructores en Montevideo, Uruguay. <\/a><\/li>\n<li><a href=\"https:\/\/csirt.lacnic.net\/talleres\/segunda-reunion-regional-de-csirts-de-alc-en-quito-ecuador\">9 de mayo 2012 | Segunda Reuni\u00f3n Regional de CSIRTs de ALC en Quito, Ecuador. <\/a><\/li>\n<\/ul>\n<h3>2011<\/h3>\n<ul>\n<li><a href=\"https:\/\/csirt.lacnic.net\/talleres\/taller-regional-de-entrenamiento-para-tecnicos-en-seguridad-informatica-liberia-costa-rica\">7 \u2013 10 Noviembre 2011 | Liberia, Costa Rica <\/a><\/li>\n<li><a href=\"https:\/\/csirt.lacnic.net\/talleres\/reunion-regional-de-csirts-de-alc-en-buenos-aires\">5 de Octubre 2011 | Reuni\u00f3n Regional de CSIRTs de ALC en Buenos Aires, Argentina <\/a><\/li>\n<li><a href=\"https:\/\/csirt.lacnic.net\/talleres\/taller-regional-de-entrenamiento-para-tecnicos-en-seguridad-informatica-buenos-aires\">25-28 Abril 2011 | Buenos Aires, Argentina <\/a><\/li>\n<li><a href=\"http:\/\/prensa.lacnic.net\/news\/2011-02\/proyecto-amparo-comite-recomienda-continuidad-y-fortalecimiento-de-acciones\">7-8 Abril 2011 \/ Reuni\u00f3n del Steering Committee de AMPARO en Montevideo, Uruguay. <\/a><\/li>\n<li><a href=\"https:\/\/csirt.lacnic.net\/talleres\/taller-regional-de-entrenamiento-para-tecnicos-en-seguridad-informatica-panama\">14-17 Marzo 2011 | Ciudad De Panam\u00e1, Panam\u00e1. <\/a><\/li>\n<\/ul>\n<h3>2010<\/h3>\n<ul>\n<li><a href=\"https:\/\/csirt.lacnic.net\/talleres\/taller-regional-de-entrenamiento-para-tecnicos-en-seguridad-informatica-colombia\">23-26 Noviembre 2010 | Bogot\u00e1, Colombia. <\/a><\/li>\n<li><a href=\"https:\/\/csirt.lacnic.net\/talleres\/taller-regional-de-entrenamiento-para-tecnicos-en-seguridad-informatica-santiago-de-chile\">04-07 Octubre 2010 | Santiago de Chile, Chile. <\/a><\/li>\n<li><a href=\"https:\/\/csirt.lacnic.net\/talleres\/taller-regional-de-entrenamiento-para-tecnicos-en-seguridad-informatica-republica-dominicana\">09-12 Agosto 2010 | Santo Domingo, Rep\u00fablica Dominicana. <\/a><\/li>\n<li><a href=\"https:\/\/csirt.lacnic.net\/talleres\/taller-regional-de-entrenamiento-para-tecnicos-en-seguridad-informatica-mexico\">08-11 Junio 2010 | M\u00e9xico DF, M\u00e9xico. <\/a><\/li>\n<li><a href=\"https:\/\/csirt.lacnic.net\/talleres\/taller-regional-de-entrenamiento-para-tecnicos-en-seguridad-informatica-ecuador\">23-26 Marzo 2010 | Quito, Ecuador. <\/a><\/li>\n<li><a href=\"https:\/\/csirt.lacnic.net\/talleres\/primer-taller-de-expertos-en-gestion-de-incidentes-de-seguridad-informatica\">24-27 Febrero 2010 | Montevideo, Uruguay.<\/a><\/li>\n<\/ul>\n","protected":false},"excerpt":{"rendered":"<p>At first, the Amparo Project was geared mainly towards strengthening, disseminating and creating knowledge on Computer Security Incident Response Teams (CSIRTs). Starting in 2013 and based on its years of experience, the Amparo Workshop positioned itself as a space for learning about various computer security related topics. Thus, it began focusing on offering training and [&hellip;]<\/p>\n","protected":false},"author":3,"featured_media":0,"parent":0,"menu_order":0,"comment_status":"closed","ping_status":"closed","template":"","meta":{"_acf_changed":false,"footnotes":""},"class_list":["post-2214","page","type-page","status-publish","hentry"],"acf":[],"yoast_head":"<!-- This site is optimized with the Yoast SEO plugin v27.4 - https:\/\/yoast.com\/product\/yoast-seo-wordpress\/ -->\n<title>LACNIC CSIRT - Amparo Workshop<\/title>\n<meta name=\"description\" content=\"The Amparo Workshop is an initiative that offers training and education on different cybersecurity-related topics.\" \/>\n<meta name=\"robots\" content=\"index, follow, max-snippet:-1, max-image-preview:large, max-video-preview:-1\" \/>\n<link rel=\"canonical\" href=\"https:\/\/csirt.lacnic.net\/en\/amparo-workshop\" \/>\n<meta property=\"og:locale\" content=\"en_US\" \/>\n<meta property=\"og:type\" content=\"article\" \/>\n<meta property=\"og:title\" content=\"LACNIC CSIRT - Amparo Workshop\" \/>\n<meta property=\"og:description\" content=\"The Amparo Workshop is an initiative that offers training and education on different cybersecurity-related topics.\" \/>\n<meta property=\"og:url\" content=\"https:\/\/csirt.lacnic.net\/en\/amparo-workshop\" \/>\n<meta property=\"og:site_name\" content=\"LACNIC CSIRT\" \/>\n<meta property=\"article:modified_time\" content=\"2020-09-15T15:27:01+00:00\" \/>\n<meta property=\"og:image\" content=\"https:\/\/csirt.lacnic.net\/wp-content\/uploads\/lacnic-csirt-2020.png\" \/>\n\t<meta property=\"og:image:width\" content=\"680\" \/>\n\t<meta property=\"og:image:height\" content=\"330\" \/>\n\t<meta property=\"og:image:type\" content=\"image\/png\" \/>\n<meta name=\"twitter:card\" content=\"summary_large_image\" \/>\n<meta name=\"twitter:site\" content=\"@lacnic_csirt\" \/>\n<script type=\"application\/ld+json\" class=\"yoast-schema-graph\">{\"@context\":\"https:\\\/\\\/schema.org\",\"@graph\":[{\"@type\":\"WebPage\",\"@id\":\"https:\\\/\\\/csirt.lacnic.net\\\/en\\\/amparo-workshop\",\"url\":\"https:\\\/\\\/csirt.lacnic.net\\\/en\\\/amparo-workshop\",\"name\":\"LACNIC CSIRT - Amparo Workshop\",\"isPartOf\":{\"@id\":\"https:\\\/\\\/csirt.lacnic.net\\\/en\\\/#website\"},\"datePublished\":\"2019-05-14T15:53:59+00:00\",\"dateModified\":\"2020-09-15T15:27:01+00:00\",\"description\":\"The Amparo Workshop is an initiative that offers training and education on different cybersecurity-related topics.\",\"breadcrumb\":{\"@id\":\"https:\\\/\\\/csirt.lacnic.net\\\/en\\\/amparo-workshop#breadcrumb\"},\"inLanguage\":\"en-US\",\"potentialAction\":[{\"@type\":\"ReadAction\",\"target\":[\"https:\\\/\\\/csirt.lacnic.net\\\/en\\\/amparo-workshop\"]}]},{\"@type\":\"BreadcrumbList\",\"@id\":\"https:\\\/\\\/csirt.lacnic.net\\\/en\\\/amparo-workshop#breadcrumb\",\"itemListElement\":[{\"@type\":\"ListItem\",\"position\":1,\"name\":\"Portada\",\"item\":\"https:\\\/\\\/csirt.lacnic.net\\\/en\"},{\"@type\":\"ListItem\",\"position\":2,\"name\":\"Amparo Workshop\"}]},{\"@type\":\"WebSite\",\"@id\":\"https:\\\/\\\/csirt.lacnic.net\\\/en\\\/#website\",\"url\":\"https:\\\/\\\/csirt.lacnic.net\\\/en\\\/\",\"name\":\"LACNIC CSIRT\",\"description\":\"Incident Response Center - LACNIC CSIRT\",\"publisher\":{\"@id\":\"https:\\\/\\\/csirt.lacnic.net\\\/en\\\/#organization\"},\"potentialAction\":[{\"@type\":\"SearchAction\",\"target\":{\"@type\":\"EntryPoint\",\"urlTemplate\":\"https:\\\/\\\/csirt.lacnic.net\\\/en\\\/?s={search_term_string}\"},\"query-input\":{\"@type\":\"PropertyValueSpecification\",\"valueRequired\":true,\"valueName\":\"search_term_string\"}}],\"inLanguage\":\"en-US\"},{\"@type\":\"Organization\",\"@id\":\"https:\\\/\\\/csirt.lacnic.net\\\/en\\\/#organization\",\"name\":\"LACNIC CSIRT\",\"url\":\"https:\\\/\\\/csirt.lacnic.net\\\/en\\\/\",\"logo\":{\"@type\":\"ImageObject\",\"inLanguage\":\"en-US\",\"@id\":\"https:\\\/\\\/csirt.lacnic.net\\\/en\\\/#\\\/schema\\\/logo\\\/image\\\/\",\"url\":\"https:\\\/\\\/csirt.lacnic.net\\\/wp-content\\\/uploads\\\/lacnic-csirt-2020.png\",\"contentUrl\":\"https:\\\/\\\/csirt.lacnic.net\\\/wp-content\\\/uploads\\\/lacnic-csirt-2020.png\",\"width\":680,\"height\":330,\"caption\":\"LACNIC CSIRT\"},\"image\":{\"@id\":\"https:\\\/\\\/csirt.lacnic.net\\\/en\\\/#\\\/schema\\\/logo\\\/image\\\/\"},\"sameAs\":[\"https:\\\/\\\/x.com\\\/lacnic_csirt\"]}]}<\/script>\n<!-- \/ Yoast SEO plugin. -->","yoast_head_json":{"title":"LACNIC CSIRT - Amparo Workshop","description":"The Amparo Workshop is an initiative that offers training and education on different cybersecurity-related topics.","robots":{"index":"index","follow":"follow","max-snippet":"max-snippet:-1","max-image-preview":"max-image-preview:large","max-video-preview":"max-video-preview:-1"},"canonical":"https:\/\/csirt.lacnic.net\/en\/amparo-workshop","og_locale":"en_US","og_type":"article","og_title":"LACNIC CSIRT - Amparo Workshop","og_description":"The Amparo Workshop is an initiative that offers training and education on different cybersecurity-related topics.","og_url":"https:\/\/csirt.lacnic.net\/en\/amparo-workshop","og_site_name":"LACNIC CSIRT","article_modified_time":"2020-09-15T15:27:01+00:00","og_image":[{"width":680,"height":330,"url":"https:\/\/csirt.lacnic.net\/wp-content\/uploads\/lacnic-csirt-2020.png","type":"image\/png"}],"twitter_card":"summary_large_image","twitter_site":"@lacnic_csirt","schema":{"@context":"https:\/\/schema.org","@graph":[{"@type":"WebPage","@id":"https:\/\/csirt.lacnic.net\/en\/amparo-workshop","url":"https:\/\/csirt.lacnic.net\/en\/amparo-workshop","name":"LACNIC CSIRT - Amparo Workshop","isPartOf":{"@id":"https:\/\/csirt.lacnic.net\/en\/#website"},"datePublished":"2019-05-14T15:53:59+00:00","dateModified":"2020-09-15T15:27:01+00:00","description":"The Amparo Workshop is an initiative that offers training and education on different cybersecurity-related topics.","breadcrumb":{"@id":"https:\/\/csirt.lacnic.net\/en\/amparo-workshop#breadcrumb"},"inLanguage":"en-US","potentialAction":[{"@type":"ReadAction","target":["https:\/\/csirt.lacnic.net\/en\/amparo-workshop"]}]},{"@type":"BreadcrumbList","@id":"https:\/\/csirt.lacnic.net\/en\/amparo-workshop#breadcrumb","itemListElement":[{"@type":"ListItem","position":1,"name":"Portada","item":"https:\/\/csirt.lacnic.net\/en"},{"@type":"ListItem","position":2,"name":"Amparo Workshop"}]},{"@type":"WebSite","@id":"https:\/\/csirt.lacnic.net\/en\/#website","url":"https:\/\/csirt.lacnic.net\/en\/","name":"LACNIC CSIRT","description":"Incident Response Center - LACNIC CSIRT","publisher":{"@id":"https:\/\/csirt.lacnic.net\/en\/#organization"},"potentialAction":[{"@type":"SearchAction","target":{"@type":"EntryPoint","urlTemplate":"https:\/\/csirt.lacnic.net\/en\/?s={search_term_string}"},"query-input":{"@type":"PropertyValueSpecification","valueRequired":true,"valueName":"search_term_string"}}],"inLanguage":"en-US"},{"@type":"Organization","@id":"https:\/\/csirt.lacnic.net\/en\/#organization","name":"LACNIC CSIRT","url":"https:\/\/csirt.lacnic.net\/en\/","logo":{"@type":"ImageObject","inLanguage":"en-US","@id":"https:\/\/csirt.lacnic.net\/en\/#\/schema\/logo\/image\/","url":"https:\/\/csirt.lacnic.net\/wp-content\/uploads\/lacnic-csirt-2020.png","contentUrl":"https:\/\/csirt.lacnic.net\/wp-content\/uploads\/lacnic-csirt-2020.png","width":680,"height":330,"caption":"LACNIC CSIRT"},"image":{"@id":"https:\/\/csirt.lacnic.net\/en\/#\/schema\/logo\/image\/"},"sameAs":["https:\/\/x.com\/lacnic_csirt"]}]}},"jetpack_sharing_enabled":true,"_links":{"self":[{"href":"https:\/\/csirt.lacnic.net\/en\/wp-json\/wp\/v2\/pages\/2214","targetHints":{"allow":["GET"]}}],"collection":[{"href":"https:\/\/csirt.lacnic.net\/en\/wp-json\/wp\/v2\/pages"}],"about":[{"href":"https:\/\/csirt.lacnic.net\/en\/wp-json\/wp\/v2\/types\/page"}],"author":[{"embeddable":true,"href":"https:\/\/csirt.lacnic.net\/en\/wp-json\/wp\/v2\/users\/3"}],"replies":[{"embeddable":true,"href":"https:\/\/csirt.lacnic.net\/en\/wp-json\/wp\/v2\/comments?post=2214"}],"version-history":[{"count":0,"href":"https:\/\/csirt.lacnic.net\/en\/wp-json\/wp\/v2\/pages\/2214\/revisions"}],"wp:attachment":[{"href":"https:\/\/csirt.lacnic.net\/en\/wp-json\/wp\/v2\/media?parent=2214"}],"curies":[{"name":"wp","href":"https:\/\/api.w.org\/{rel}","templated":true}]}}