

{"id":4304,"date":"2023-06-08T17:06:13","date_gmt":"2023-06-08T14:06:13","guid":{"rendered":"https:\/\/csirt.lacnic.net\/?page_id=4304"},"modified":"2023-06-08T17:06:14","modified_gmt":"2023-06-08T14:06:14","slug":"arquivo","status":"publish","type":"page","link":"https:\/\/csirt.lacnic.net\/pt-br\/arquivo","title":{"rendered":"Arquivo"},"content":{"rendered":"\n<p class='titulo'><a href=https:\/\/csirt.lacnic.net\/pt-br\/arquivo-pt-br\/bgp-filtrar-por-tamano-de-la-red-en-bgp-he-ahi-el-dilema><span><em>  08\/06\/2023<\/em><\/span> - BGP: Filtrar por tama\u00f1o de la red en BGP, he ah\u00ed el dilema<\/a><\/p><p class='titulo'><a href=https:\/\/csirt.lacnic.net\/pt-br\/arquivo-pt-br\/identificando-servidores-dns-ipv6-open-resolvers><span><em>  08\/06\/2023<\/em><\/span> - Identificando servidores DNS IPv6 Open Resolvers<\/a><\/p><p class='titulo'><a href=https:\/\/csirt.lacnic.net\/pt-br\/arquivo-pt-br\/vpnfilter-botnet-de-mas-de-500-000-routers><span><em>  08\/06\/2023<\/em><\/span> - VPNFilter: Botnet de m\u00e1s de 500.000 routers<\/a><\/p><p class='titulo'><a href=https:\/\/csirt.lacnic.net\/pt-br\/arquivo-pt-br\/vacuna-para-gandcrab-ransomware-v4-1-2><span><em>  08\/06\/2023<\/em><\/span> - Vacuna para GandCrab Ransomware v4.1.2<\/a><\/p><p class='titulo'><a href=https:\/\/csirt.lacnic.net\/pt-br\/arquivo-pt-br\/calisto-troyano-para-macos><span><em>  08\/06\/2023<\/em><\/span> - Calisto: troyano para macOS<\/a><\/p><p class='titulo'><a href=https:\/\/csirt.lacnic.net\/pt-br\/nao-categorizado\/aportando-un-grano-de-arena-en-la-seguridad-de-la-red-un-caso-de-exito><span><em>  08\/06\/2023<\/em><\/span> - Aportando un grano de arena en la seguridad de la red, un caso de \u00e9xito<\/a><\/p><p class='titulo'><a href=https:\/\/csirt.lacnic.net\/pt-br\/arquivo-pt-br\/malware-para-mac-intercepta-trafico-web-para-publicidad><span><em>  08\/06\/2023<\/em><\/span> - Malware para Mac intercepta trafico web para publicidad<\/a><\/p><p class='titulo'><a href=https:\/\/csirt.lacnic.net\/pt-br\/arquivo-pt-br\/investigacion-bgp-hijacking-realizado-por-el-gobierno-de-china><span><em>  08\/06\/2023<\/em><\/span> - Investigaci\u00f3n: BGP Hijacking realizado por el Gobierno de China<\/a><\/p><p class='titulo'><a href=https:\/\/csirt.lacnic.net\/pt-br\/arquivo-pt-br\/anatova-nuevo-y-potente-ransomware><span><em>  08\/06\/2023<\/em><\/span> - Anatova &#8211; Nuevo y potente ransomware<\/a><\/p><p class='titulo'><a href=https:\/\/csirt.lacnic.net\/pt-br\/arquivo-pt-br\/winrar-vulnerabilidad-critica-de-19-anos-de-antiguedad><span><em>  08\/06\/2023<\/em><\/span> - WINRAR &#8211; Vulnerabilidad cr\u00edtica de 19 a\u00f1os de antig\u00fcedad<\/a><\/p><p class='titulo'><a href=https:\/\/csirt.lacnic.net\/pt-br\/arquivo-pt-br\/multiples-vulnerabilidades-en-apache-http-server><span><em>  08\/06\/2023<\/em><\/span> - M\u00faltiples vulnerabilidades en Apache HTTP Server<\/a><\/p><p class='titulo'><a href=https:\/\/csirt.lacnic.net\/pt-br\/arquivo-pt-br\/vulnerabilidad-en-sistemas-linux-unix-permite-el-secuestro-de-conexiones-vpn-cifradas><span><em>  08\/06\/2023<\/em><\/span> - Vulnerabilidad en sistemas Linux\/Unix permite el secuestro de conexiones VPN cifradas<\/a><\/p><p class='titulo'><a href=https:\/\/csirt.lacnic.net\/pt-br\/arquivo-pt-br\/estudo-anti-spoofing-na-regiao-2><span><em>  08\/06\/2023<\/em><\/span> - Estudo anti-spoofing na regi\u00e3o<\/a><\/p><p class='titulo'><a href=https:\/\/csirt.lacnic.net\/pt-br\/arquivo-pt-br\/vulnerabilidad-critica-en-tmui-de-f5-permite-ejecucion-remota-de-comandos><span><em>  08\/06\/2023<\/em><\/span> - Vulnerabilidad cr\u00edtica en TMUI de F5 permite ejecuci\u00f3n remota de comandos<\/a><\/p><p class='titulo'><a href=https:\/\/csirt.lacnic.net\/pt-br\/arquivo-pt-br\/dns-open-resolvers-com-ipv4-que-envolvam-recursos-sob-a-administracao-do-lacnic><span><em>  08\/06\/2023<\/em><\/span> - DNS open resolvers com IPv4 que envolvam recursos sob a administra\u00e7\u00e3o do LACNIC<\/a><\/p><p class='titulo'><a href=https:\/\/csirt.lacnic.net\/pt-br\/arquivo-pt-br\/ao-usar-a-internet-tambem-cuidamos-de-nos-mesmos-coronavirus-na-internet><span><em>  08\/06\/2023<\/em><\/span> - Ao usar a Internet, tamb\u00e9m cuidamos de n\u00f3s mesmos &#8211; #coronav\u00edrus na Internet<\/a><\/p><p class='titulo'><a href=https:\/\/csirt.lacnic.net\/pt-br\/alertas-de-seguranca\/vulnerabilidades-criticas-no-vmware-esxi-e-no-vcenter-server-cve-2021-21972-cve-2021-21973-cve-2021-21974><span><em>  08\/06\/2023<\/em><\/span> - Vulnerabilidades cr\u00edticas no VMware ESXi e no vCenter Server (CVE-2021-21972, CVE-2021-21973, CVE-2021-21974)<\/a><\/p><p class='titulo'><a href=https:\/\/csirt.lacnic.net\/pt-br\/arquivo-pt-br\/como-evitar-um-ataque-de-injecao-de-sql><span><em>  08\/06\/2023<\/em><\/span> - Como evitar um ATAQUE DE INJE\u00c7\u00c3O DE SQL<\/a><\/p><p class='titulo'><a href=https:\/\/csirt.lacnic.net\/pt-br\/arquivo-pt-br\/modulo-de-seguranca-do-milacnic><span><em>  08\/06\/2023<\/em><\/span> - M\u00f3dulo de seguran\u00e7a do MiLACNIC<\/a><\/p>\n","protected":false},"excerpt":{"rendered":"","protected":false},"author":3,"featured_media":0,"parent":0,"menu_order":0,"comment_status":"closed","ping_status":"closed","template":"","meta":{"_acf_changed":false,"footnotes":""},"class_list":["post-4304","page","type-page","status-publish","hentry"],"acf":[],"yoast_head":"<!-- This site is optimized with the Yoast SEO plugin v27.3 - https:\/\/yoast.com\/product\/yoast-seo-wordpress\/ -->\n<title>LACNIC CSIRT - Arquivo<\/title>\n<meta name=\"robots\" content=\"index, follow, max-snippet:-1, max-image-preview:large, max-video-preview:-1\" \/>\n<link rel=\"canonical\" href=\"https:\/\/csirt.lacnic.net\/pt-br\/arquivo\" \/>\n<meta property=\"og:locale\" content=\"pt_BR\" \/>\n<meta property=\"og:type\" content=\"article\" \/>\n<meta property=\"og:title\" content=\"LACNIC CSIRT - Arquivo\" \/>\n<meta property=\"og:url\" content=\"https:\/\/csirt.lacnic.net\/pt-br\/arquivo\" \/>\n<meta property=\"og:site_name\" content=\"LACNIC CSIRT\" \/>\n<meta property=\"article:modified_time\" content=\"2023-06-08T14:06:14+00:00\" \/>\n<meta property=\"og:image\" content=\"https:\/\/csirt.lacnic.net\/wp-content\/uploads\/lacnic-csirt-2020.png\" \/>\n\t<meta property=\"og:image:width\" content=\"680\" \/>\n\t<meta property=\"og:image:height\" content=\"330\" \/>\n\t<meta property=\"og:image:type\" content=\"image\/png\" \/>\n<meta name=\"twitter:card\" content=\"summary_large_image\" \/>\n<meta name=\"twitter:site\" content=\"@lacnic_csirt\" \/>\n<script type=\"application\/ld+json\" class=\"yoast-schema-graph\">{\"@context\":\"https:\\\/\\\/schema.org\",\"@graph\":[{\"@type\":\"WebPage\",\"@id\":\"https:\\\/\\\/csirt.lacnic.net\\\/pt-br\\\/arquivo\",\"url\":\"https:\\\/\\\/csirt.lacnic.net\\\/pt-br\\\/arquivo\",\"name\":\"LACNIC CSIRT - Arquivo\",\"isPartOf\":{\"@id\":\"https:\\\/\\\/csirt.lacnic.net\\\/en\\\/#website\"},\"datePublished\":\"2023-06-08T14:06:13+00:00\",\"dateModified\":\"2023-06-08T14:06:14+00:00\",\"breadcrumb\":{\"@id\":\"https:\\\/\\\/csirt.lacnic.net\\\/pt-br\\\/arquivo#breadcrumb\"},\"inLanguage\":\"pt-BR\",\"potentialAction\":[{\"@type\":\"ReadAction\",\"target\":[\"https:\\\/\\\/csirt.lacnic.net\\\/pt-br\\\/arquivo\"]}]},{\"@type\":\"BreadcrumbList\",\"@id\":\"https:\\\/\\\/csirt.lacnic.net\\\/pt-br\\\/arquivo#breadcrumb\",\"itemListElement\":[{\"@type\":\"ListItem\",\"position\":1,\"name\":\"Portada\",\"item\":\"https:\\\/\\\/csirt.lacnic.net\\\/pt-br\"},{\"@type\":\"ListItem\",\"position\":2,\"name\":\"Arquivo\"}]},{\"@type\":\"WebSite\",\"@id\":\"https:\\\/\\\/csirt.lacnic.net\\\/en\\\/#website\",\"url\":\"https:\\\/\\\/csirt.lacnic.net\\\/en\\\/\",\"name\":\"LACNIC CSIRT\",\"description\":\"Centro de Respuestas de Incidentes - LACNIC CSIRT\",\"publisher\":{\"@id\":\"https:\\\/\\\/csirt.lacnic.net\\\/en\\\/#organization\"},\"potentialAction\":[{\"@type\":\"SearchAction\",\"target\":{\"@type\":\"EntryPoint\",\"urlTemplate\":\"https:\\\/\\\/csirt.lacnic.net\\\/en\\\/?s={search_term_string}\"},\"query-input\":{\"@type\":\"PropertyValueSpecification\",\"valueRequired\":true,\"valueName\":\"search_term_string\"}}],\"inLanguage\":\"pt-BR\"},{\"@type\":\"Organization\",\"@id\":\"https:\\\/\\\/csirt.lacnic.net\\\/en\\\/#organization\",\"name\":\"LACNIC CSIRT\",\"url\":\"https:\\\/\\\/csirt.lacnic.net\\\/en\\\/\",\"logo\":{\"@type\":\"ImageObject\",\"inLanguage\":\"pt-BR\",\"@id\":\"https:\\\/\\\/csirt.lacnic.net\\\/en\\\/#\\\/schema\\\/logo\\\/image\\\/\",\"url\":\"https:\\\/\\\/csirt.lacnic.net\\\/wp-content\\\/uploads\\\/lacnic-csirt-2020.png\",\"contentUrl\":\"https:\\\/\\\/csirt.lacnic.net\\\/wp-content\\\/uploads\\\/lacnic-csirt-2020.png\",\"width\":680,\"height\":330,\"caption\":\"LACNIC CSIRT\"},\"image\":{\"@id\":\"https:\\\/\\\/csirt.lacnic.net\\\/en\\\/#\\\/schema\\\/logo\\\/image\\\/\"},\"sameAs\":[\"https:\\\/\\\/x.com\\\/lacnic_csirt\"]}]}<\/script>\n<!-- \/ Yoast SEO plugin. -->","yoast_head_json":{"title":"LACNIC CSIRT - Arquivo","robots":{"index":"index","follow":"follow","max-snippet":"max-snippet:-1","max-image-preview":"max-image-preview:large","max-video-preview":"max-video-preview:-1"},"canonical":"https:\/\/csirt.lacnic.net\/pt-br\/arquivo","og_locale":"pt_BR","og_type":"article","og_title":"LACNIC CSIRT - Arquivo","og_url":"https:\/\/csirt.lacnic.net\/pt-br\/arquivo","og_site_name":"LACNIC CSIRT","article_modified_time":"2023-06-08T14:06:14+00:00","og_image":[{"width":680,"height":330,"url":"https:\/\/csirt.lacnic.net\/wp-content\/uploads\/lacnic-csirt-2020.png","type":"image\/png"}],"twitter_card":"summary_large_image","twitter_site":"@lacnic_csirt","schema":{"@context":"https:\/\/schema.org","@graph":[{"@type":"WebPage","@id":"https:\/\/csirt.lacnic.net\/pt-br\/arquivo","url":"https:\/\/csirt.lacnic.net\/pt-br\/arquivo","name":"LACNIC CSIRT - Arquivo","isPartOf":{"@id":"https:\/\/csirt.lacnic.net\/en\/#website"},"datePublished":"2023-06-08T14:06:13+00:00","dateModified":"2023-06-08T14:06:14+00:00","breadcrumb":{"@id":"https:\/\/csirt.lacnic.net\/pt-br\/arquivo#breadcrumb"},"inLanguage":"pt-BR","potentialAction":[{"@type":"ReadAction","target":["https:\/\/csirt.lacnic.net\/pt-br\/arquivo"]}]},{"@type":"BreadcrumbList","@id":"https:\/\/csirt.lacnic.net\/pt-br\/arquivo#breadcrumb","itemListElement":[{"@type":"ListItem","position":1,"name":"Portada","item":"https:\/\/csirt.lacnic.net\/pt-br"},{"@type":"ListItem","position":2,"name":"Arquivo"}]},{"@type":"WebSite","@id":"https:\/\/csirt.lacnic.net\/en\/#website","url":"https:\/\/csirt.lacnic.net\/en\/","name":"LACNIC CSIRT","description":"Centro de Respuestas de Incidentes - LACNIC CSIRT","publisher":{"@id":"https:\/\/csirt.lacnic.net\/en\/#organization"},"potentialAction":[{"@type":"SearchAction","target":{"@type":"EntryPoint","urlTemplate":"https:\/\/csirt.lacnic.net\/en\/?s={search_term_string}"},"query-input":{"@type":"PropertyValueSpecification","valueRequired":true,"valueName":"search_term_string"}}],"inLanguage":"pt-BR"},{"@type":"Organization","@id":"https:\/\/csirt.lacnic.net\/en\/#organization","name":"LACNIC CSIRT","url":"https:\/\/csirt.lacnic.net\/en\/","logo":{"@type":"ImageObject","inLanguage":"pt-BR","@id":"https:\/\/csirt.lacnic.net\/en\/#\/schema\/logo\/image\/","url":"https:\/\/csirt.lacnic.net\/wp-content\/uploads\/lacnic-csirt-2020.png","contentUrl":"https:\/\/csirt.lacnic.net\/wp-content\/uploads\/lacnic-csirt-2020.png","width":680,"height":330,"caption":"LACNIC CSIRT"},"image":{"@id":"https:\/\/csirt.lacnic.net\/en\/#\/schema\/logo\/image\/"},"sameAs":["https:\/\/x.com\/lacnic_csirt"]}]}},"jetpack_sharing_enabled":true,"_links":{"self":[{"href":"https:\/\/csirt.lacnic.net\/pt-br\/wp-json\/wp\/v2\/pages\/4304","targetHints":{"allow":["GET"]}}],"collection":[{"href":"https:\/\/csirt.lacnic.net\/pt-br\/wp-json\/wp\/v2\/pages"}],"about":[{"href":"https:\/\/csirt.lacnic.net\/pt-br\/wp-json\/wp\/v2\/types\/page"}],"author":[{"embeddable":true,"href":"https:\/\/csirt.lacnic.net\/pt-br\/wp-json\/wp\/v2\/users\/3"}],"replies":[{"embeddable":true,"href":"https:\/\/csirt.lacnic.net\/pt-br\/wp-json\/wp\/v2\/comments?post=4304"}],"version-history":[{"count":0,"href":"https:\/\/csirt.lacnic.net\/pt-br\/wp-json\/wp\/v2\/pages\/4304\/revisions"}],"wp:attachment":[{"href":"https:\/\/csirt.lacnic.net\/pt-br\/wp-json\/wp\/v2\/media?parent=4304"}],"curies":[{"name":"wp","href":"https:\/\/api.w.org\/{rel}","templated":true}]}}