

{"id":4314,"date":"2023-06-08T17:07:01","date_gmt":"2023-06-08T14:07:01","guid":{"rendered":"https:\/\/csirt.lacnic.net\/?page_id=4314"},"modified":"2023-06-08T17:07:01","modified_gmt":"2023-06-08T14:07:01","slug":"faq","status":"publish","type":"page","link":"https:\/\/csirt.lacnic.net\/pt-br\/faq","title":{"rendered":"FAQ"},"content":{"rendered":"\n<h3 class=\"wp-block-heading\">O que significa CSIRT?<\/h3>\n\n\n\n<p>O CSIRT \u00e9 a sigla em ingl\u00eas de\n\u201cComputer Security Incident Response Team\u201d e em geral, \u00e9 usada para denominar\num Centro de Resposta a Incidentes de Seguran\u00e7a Cibern\u00e9tica.<\/p>\n\n\n\n<h3 class=\"wp-block-heading\">O que faz um CSIRT?<\/h3>\n\n\n\n<p>Um CSIRT fornece servi\u00e7os e\/ou\nsuporte para uma comunidade objetivo definida, afim de prevenir, gerenciar e\nresponder a incidentes de seguran\u00e7a inform\u00e1ticos.<\/p>\n\n\n\n<h3 class=\"wp-block-heading\">Que fun\u00e7\u00f5es ter\u00e1 o CSIRT do LACNIC?<\/h3>\n\n\n\n<p>As fun\u00e7\u00f5es b\u00e1sicas que oferece\ns\u00e3o: relat\u00f3rio de incidentes de seguran\u00e7a, publica\u00e7\u00e3o de estat\u00edsticas sobre o\nabuso dos recursos que o LACNIC administra e envio de avisos de seguran\u00e7a que,\ndevido \u00e0 sua natureza cr\u00edtica, poderiam ter um grande impacto na comunidade.<\/p>\n\n\n\n<h3 class=\"wp-block-heading\">Para que ser\u00e3o usadas as informa\u00e7\u00f5es do CSIRT do LACNIC?<\/h3>\n\n\n\n<p>Para gerar avisos de seguran\u00e7a,\npromover o uso das boas pr\u00e1ticas na regi\u00e3o e conscientizar sobre amea\u00e7as e\nsolu\u00e7\u00f5es perante poss\u00edveis ataques inform\u00e1ticos.&nbsp; As informa\u00e7\u00f5es ser\u00e3o\ntratadas confidencialmente.<\/p>\n\n\n\n<h3 class=\"wp-block-heading\">Quais benef\u00edcios os associados do LACNIC obt\u00eam do CSIRT?<\/h3>\n\n\n\n<ul class=\"wp-block-list\">\n<li>Ter um ponto de refer\u00eancia para informar incidentes de seguran\u00e7a\nda Internet<\/li>\n\n\n\n<li>Pedir ajuda sobre como mitigar os incidentes em casos de ataques\ncibern\u00e9ticos<\/li>\n\n\n\n<li>Ter um ponto de contato habilitado com outras organiza\u00e7\u00f5es\ninternacionais<\/li>\n\n\n\n<li>Possuir estat\u00edsticas que permitam conhecer as amea\u00e7as de seguran\u00e7a\nmais comuns na regi\u00e3o, para agir em conformidade<\/li>\n<\/ul>\n\n\n\n<h3 class=\"wp-block-heading\">Por que \u00e9 importante comunicar os incidentes ao CSIRT do LACNIC?<\/h3>\n\n\n\n<p>Todos os cidad\u00e3os temos um papel fundamental na\nidentifica\u00e7\u00e3o dos incidentes de seguran\u00e7a. Se eles n\u00e3o forem informados, seria\nmuito dif\u00edcil detectar e controlar as causas b\u00e1sicas que geraram esses incidentes,\ntornando poss\u00edvel a ocorr\u00eancia de ataques cibern\u00e9ticos muito mais sofisticados.\n<\/p>\n\n\n\n<p>\u00c9 importante que todos sejamos cientes e\ncorrespons\u00e1veis nesta tarefa para atingir uma Internet aberta, est\u00e1vel e\nsegura.&nbsp;&nbsp; <\/p>\n\n\n\n<h3 class=\"wp-block-heading\">Que passos devo tomar para informar um incidente ao CSIRT do LACNIC?<\/h3>\n\n\n\n<p>Preencha&nbsp;<a href=\"https:\/\/csirt.lacnic.net\/pt-pt\/reporte-do-incidente\">o formul\u00e1rio web<\/a>&nbsp;correspondente ou entre em contato pelo e-mail:&nbsp;<a href=\"mailto:info-warp@lacnic.net\">csirt@lacnic.net<\/a><\/p>\n\n\n\n<h3 class=\"wp-block-heading\">O CSIRT do LACNIC vai intervir operacionalmente em casos de incidentes na regi\u00e3o?<\/h3>\n\n\n\n<p>O CSIRT do LACNIC n\u00e3o intervir\u00e1\nnas opera\u00e7\u00f5es dos sistemas de sua comunidade, atuar\u00e1 apenas em seu papel de\ncoordena\u00e7\u00e3o e intermedia\u00e7\u00e3o das partes envolvidas.<\/p>\n","protected":false},"excerpt":{"rendered":"<p>O que significa CSIRT? O CSIRT \u00e9 a sigla em ingl\u00eas de \u201cComputer Security Incident Response Team\u201d e em geral, \u00e9 usada para denominar um Centro de Resposta a Incidentes de Seguran\u00e7a Cibern\u00e9tica. O que faz um CSIRT? Um CSIRT fornece servi\u00e7os e\/ou suporte para uma comunidade objetivo definida, afim de prevenir, gerenciar e responder [&hellip;]<\/p>\n","protected":false},"author":3,"featured_media":0,"parent":0,"menu_order":0,"comment_status":"closed","ping_status":"closed","template":"","meta":{"_acf_changed":false,"footnotes":""},"class_list":["post-4314","page","type-page","status-publish","hentry"],"acf":[],"yoast_head":"<!-- This site is optimized with the Yoast SEO plugin v27.4 - https:\/\/yoast.com\/product\/yoast-seo-wordpress\/ -->\n<title>LACNIC CSIRT - FAQ<\/title>\n<meta name=\"robots\" content=\"index, follow, max-snippet:-1, max-image-preview:large, max-video-preview:-1\" \/>\n<link rel=\"canonical\" href=\"https:\/\/csirt.lacnic.net\/pt-br\/faq\" \/>\n<meta property=\"og:locale\" content=\"pt_BR\" \/>\n<meta property=\"og:type\" content=\"article\" \/>\n<meta property=\"og:title\" content=\"LACNIC CSIRT - FAQ\" \/>\n<meta property=\"og:description\" content=\"O que significa CSIRT? O CSIRT \u00e9 a sigla em ingl\u00eas de \u201cComputer Security Incident Response Team\u201d e em geral, \u00e9 usada para denominar um Centro de Resposta a Incidentes de Seguran\u00e7a Cibern\u00e9tica. O que faz um CSIRT? Um CSIRT fornece servi\u00e7os e\/ou suporte para uma comunidade objetivo definida, afim de prevenir, gerenciar e responder [&hellip;]\" \/>\n<meta property=\"og:url\" content=\"https:\/\/csirt.lacnic.net\/pt-br\/faq\" \/>\n<meta property=\"og:site_name\" content=\"LACNIC CSIRT\" \/>\n<meta property=\"og:image\" content=\"https:\/\/csirt.lacnic.net\/wp-content\/uploads\/lacnic-csirt-2020.png\" \/>\n\t<meta property=\"og:image:width\" content=\"680\" \/>\n\t<meta property=\"og:image:height\" content=\"330\" \/>\n\t<meta property=\"og:image:type\" content=\"image\/png\" \/>\n<meta name=\"twitter:card\" content=\"summary_large_image\" \/>\n<meta name=\"twitter:site\" content=\"@lacnic_csirt\" \/>\n<script type=\"application\/ld+json\" class=\"yoast-schema-graph\">{\"@context\":\"https:\\\/\\\/schema.org\",\"@graph\":[{\"@type\":\"WebPage\",\"@id\":\"https:\\\/\\\/csirt.lacnic.net\\\/pt-br\\\/faq\",\"url\":\"https:\\\/\\\/csirt.lacnic.net\\\/pt-br\\\/faq\",\"name\":\"LACNIC CSIRT - FAQ\",\"isPartOf\":{\"@id\":\"https:\\\/\\\/csirt.lacnic.net\\\/en\\\/#website\"},\"datePublished\":\"2023-06-08T14:07:01+00:00\",\"breadcrumb\":{\"@id\":\"https:\\\/\\\/csirt.lacnic.net\\\/pt-br\\\/faq#breadcrumb\"},\"inLanguage\":\"pt-BR\",\"potentialAction\":[{\"@type\":\"ReadAction\",\"target\":[\"https:\\\/\\\/csirt.lacnic.net\\\/pt-br\\\/faq\"]}]},{\"@type\":\"BreadcrumbList\",\"@id\":\"https:\\\/\\\/csirt.lacnic.net\\\/pt-br\\\/faq#breadcrumb\",\"itemListElement\":[{\"@type\":\"ListItem\",\"position\":1,\"name\":\"Portada\",\"item\":\"https:\\\/\\\/csirt.lacnic.net\\\/pt-br\"},{\"@type\":\"ListItem\",\"position\":2,\"name\":\"FAQ\"}]},{\"@type\":\"WebSite\",\"@id\":\"https:\\\/\\\/csirt.lacnic.net\\\/en\\\/#website\",\"url\":\"https:\\\/\\\/csirt.lacnic.net\\\/en\\\/\",\"name\":\"LACNIC CSIRT\",\"description\":\"Centro de Respuestas de Incidentes - LACNIC CSIRT\",\"publisher\":{\"@id\":\"https:\\\/\\\/csirt.lacnic.net\\\/en\\\/#organization\"},\"potentialAction\":[{\"@type\":\"SearchAction\",\"target\":{\"@type\":\"EntryPoint\",\"urlTemplate\":\"https:\\\/\\\/csirt.lacnic.net\\\/en\\\/?s={search_term_string}\"},\"query-input\":{\"@type\":\"PropertyValueSpecification\",\"valueRequired\":true,\"valueName\":\"search_term_string\"}}],\"inLanguage\":\"pt-BR\"},{\"@type\":\"Organization\",\"@id\":\"https:\\\/\\\/csirt.lacnic.net\\\/en\\\/#organization\",\"name\":\"LACNIC CSIRT\",\"url\":\"https:\\\/\\\/csirt.lacnic.net\\\/en\\\/\",\"logo\":{\"@type\":\"ImageObject\",\"inLanguage\":\"pt-BR\",\"@id\":\"https:\\\/\\\/csirt.lacnic.net\\\/en\\\/#\\\/schema\\\/logo\\\/image\\\/\",\"url\":\"https:\\\/\\\/csirt.lacnic.net\\\/wp-content\\\/uploads\\\/lacnic-csirt-2020.png\",\"contentUrl\":\"https:\\\/\\\/csirt.lacnic.net\\\/wp-content\\\/uploads\\\/lacnic-csirt-2020.png\",\"width\":680,\"height\":330,\"caption\":\"LACNIC CSIRT\"},\"image\":{\"@id\":\"https:\\\/\\\/csirt.lacnic.net\\\/en\\\/#\\\/schema\\\/logo\\\/image\\\/\"},\"sameAs\":[\"https:\\\/\\\/x.com\\\/lacnic_csirt\"]}]}<\/script>\n<!-- \/ Yoast SEO plugin. -->","yoast_head_json":{"title":"LACNIC CSIRT - FAQ","robots":{"index":"index","follow":"follow","max-snippet":"max-snippet:-1","max-image-preview":"max-image-preview:large","max-video-preview":"max-video-preview:-1"},"canonical":"https:\/\/csirt.lacnic.net\/pt-br\/faq","og_locale":"pt_BR","og_type":"article","og_title":"LACNIC CSIRT - FAQ","og_description":"O que significa CSIRT? O CSIRT \u00e9 a sigla em ingl\u00eas de \u201cComputer Security Incident Response Team\u201d e em geral, \u00e9 usada para denominar um Centro de Resposta a Incidentes de Seguran\u00e7a Cibern\u00e9tica. O que faz um CSIRT? Um CSIRT fornece servi\u00e7os e\/ou suporte para uma comunidade objetivo definida, afim de prevenir, gerenciar e responder [&hellip;]","og_url":"https:\/\/csirt.lacnic.net\/pt-br\/faq","og_site_name":"LACNIC CSIRT","og_image":[{"width":680,"height":330,"url":"https:\/\/csirt.lacnic.net\/wp-content\/uploads\/lacnic-csirt-2020.png","type":"image\/png"}],"twitter_card":"summary_large_image","twitter_site":"@lacnic_csirt","schema":{"@context":"https:\/\/schema.org","@graph":[{"@type":"WebPage","@id":"https:\/\/csirt.lacnic.net\/pt-br\/faq","url":"https:\/\/csirt.lacnic.net\/pt-br\/faq","name":"LACNIC CSIRT - FAQ","isPartOf":{"@id":"https:\/\/csirt.lacnic.net\/en\/#website"},"datePublished":"2023-06-08T14:07:01+00:00","breadcrumb":{"@id":"https:\/\/csirt.lacnic.net\/pt-br\/faq#breadcrumb"},"inLanguage":"pt-BR","potentialAction":[{"@type":"ReadAction","target":["https:\/\/csirt.lacnic.net\/pt-br\/faq"]}]},{"@type":"BreadcrumbList","@id":"https:\/\/csirt.lacnic.net\/pt-br\/faq#breadcrumb","itemListElement":[{"@type":"ListItem","position":1,"name":"Portada","item":"https:\/\/csirt.lacnic.net\/pt-br"},{"@type":"ListItem","position":2,"name":"FAQ"}]},{"@type":"WebSite","@id":"https:\/\/csirt.lacnic.net\/en\/#website","url":"https:\/\/csirt.lacnic.net\/en\/","name":"LACNIC CSIRT","description":"Centro de Respuestas de Incidentes - LACNIC CSIRT","publisher":{"@id":"https:\/\/csirt.lacnic.net\/en\/#organization"},"potentialAction":[{"@type":"SearchAction","target":{"@type":"EntryPoint","urlTemplate":"https:\/\/csirt.lacnic.net\/en\/?s={search_term_string}"},"query-input":{"@type":"PropertyValueSpecification","valueRequired":true,"valueName":"search_term_string"}}],"inLanguage":"pt-BR"},{"@type":"Organization","@id":"https:\/\/csirt.lacnic.net\/en\/#organization","name":"LACNIC CSIRT","url":"https:\/\/csirt.lacnic.net\/en\/","logo":{"@type":"ImageObject","inLanguage":"pt-BR","@id":"https:\/\/csirt.lacnic.net\/en\/#\/schema\/logo\/image\/","url":"https:\/\/csirt.lacnic.net\/wp-content\/uploads\/lacnic-csirt-2020.png","contentUrl":"https:\/\/csirt.lacnic.net\/wp-content\/uploads\/lacnic-csirt-2020.png","width":680,"height":330,"caption":"LACNIC CSIRT"},"image":{"@id":"https:\/\/csirt.lacnic.net\/en\/#\/schema\/logo\/image\/"},"sameAs":["https:\/\/x.com\/lacnic_csirt"]}]}},"jetpack_sharing_enabled":true,"_links":{"self":[{"href":"https:\/\/csirt.lacnic.net\/pt-br\/wp-json\/wp\/v2\/pages\/4314","targetHints":{"allow":["GET"]}}],"collection":[{"href":"https:\/\/csirt.lacnic.net\/pt-br\/wp-json\/wp\/v2\/pages"}],"about":[{"href":"https:\/\/csirt.lacnic.net\/pt-br\/wp-json\/wp\/v2\/types\/page"}],"author":[{"embeddable":true,"href":"https:\/\/csirt.lacnic.net\/pt-br\/wp-json\/wp\/v2\/users\/3"}],"replies":[{"embeddable":true,"href":"https:\/\/csirt.lacnic.net\/pt-br\/wp-json\/wp\/v2\/comments?post=4314"}],"version-history":[{"count":0,"href":"https:\/\/csirt.lacnic.net\/pt-br\/wp-json\/wp\/v2\/pages\/4314\/revisions"}],"wp:attachment":[{"href":"https:\/\/csirt.lacnic.net\/pt-br\/wp-json\/wp\/v2\/media?parent=4314"}],"curies":[{"name":"wp","href":"https:\/\/api.w.org\/{rel}","templated":true}]}}