

{"id":4316,"date":"2023-06-08T17:07:10","date_gmt":"2023-06-08T14:07:10","guid":{"rendered":"https:\/\/csirt.lacnic.net\/?page_id=4316"},"modified":"2023-06-08T17:07:11","modified_gmt":"2023-06-08T14:07:11","slug":"lacnic-csirt","status":"publish","type":"page","link":"https:\/\/csirt.lacnic.net\/pt-br\/lacnic-csirt","title":{"rendered":"LACNIC CSIRT"},"content":{"rendered":"<h3>MISS\u00c3O<\/h3>\n<p>&#8220;Realizar as fun\u00e7\u00f5es de coordena\u00e7\u00e3o necess\u00e1rias para fortalecer as capacidades de resposta a incidentes relacionados com os endere\u00e7os da Internet da Am\u00e9rica Latina e o Caribe, no \u00e2mbito dos objetivos espec\u00edficos estabelecidos pela miss\u00e3o de LACNIC com vista a atingir o fortalecimento constante de uma Internet segura, est\u00e1vel, aberta e em cont\u00ednuo crescimento.&#8221;<\/p>\n<h3>COMUNIDADE OBJETIVO<\/h3>\n<p>A comunidade objetivo que ser\u00e1 atendida por LACNIC CSIRT est\u00e1 constitu\u00edda por todas as organiza\u00e7\u00f5es membro de LACNIC.<\/p>\n<h3>AUTORIDADE<\/h3>\n<p>LACNIC CSIRT n\u00e3o tem autoridade para atuar sobre as opera\u00e7\u00f5es dos sistemas de sua comunidade, com exce\u00e7\u00e3o dos sistemas internos pr\u00f3prios de LACNIC, pelo que n\u00e3o ir\u00e1 fornecer assist\u00eancia direta remota nem in situ para a aten\u00e7\u00e3o de incidentes de seguran\u00e7a, ainda quando os mesmos envolverem endere\u00e7os da Internet da Am\u00e9rica Latina e o Caribe.<\/p>\n<div class=\"alert alert-azul\">\n<h3>Una historia de \u00e9xito en ciberseguridad [espanhol]<\/h3>\n<p>Resumo dos cinco anos de gest\u00e3o de incidentes de seguran\u00e7a inform\u00e1tica.<\/p>\n<p><a class=\"btn-2\" href=\"https:\/\/csirt.lacnic.net\/wp-content\/uploads\/Informe-_WARP_2019.pdf\">Relat\u00f3rio<\/a><\/p>\n<\/div>\n","protected":false},"excerpt":{"rendered":"<p>MISS\u00c3O &#8220;Realizar as fun\u00e7\u00f5es de coordena\u00e7\u00e3o necess\u00e1rias para fortalecer as capacidades de resposta a incidentes relacionados com os endere\u00e7os da Internet da Am\u00e9rica Latina e o Caribe, no \u00e2mbito dos objetivos espec\u00edficos estabelecidos pela miss\u00e3o de LACNIC com vista a atingir o fortalecimento constante de uma Internet segura, est\u00e1vel, aberta e em cont\u00ednuo crescimento.&#8221; COMUNIDADE [&hellip;]<\/p>\n","protected":false},"author":3,"featured_media":0,"parent":0,"menu_order":0,"comment_status":"closed","ping_status":"closed","template":"","meta":{"_acf_changed":false,"footnotes":""},"class_list":["post-4316","page","type-page","status-publish","hentry"],"acf":[],"yoast_head":"<!-- This site is optimized with the Yoast SEO plugin v27.3 - https:\/\/yoast.com\/product\/yoast-seo-wordpress\/ -->\n<title>LACNIC CSIRT - LACNIC CSIRT<\/title>\n<meta name=\"robots\" content=\"index, follow, max-snippet:-1, max-image-preview:large, max-video-preview:-1\" \/>\n<link rel=\"canonical\" href=\"https:\/\/csirt.lacnic.net\/pt-br\/lacnic-csirt\" \/>\n<meta property=\"og:locale\" content=\"pt_BR\" \/>\n<meta property=\"og:type\" content=\"article\" \/>\n<meta property=\"og:title\" content=\"LACNIC CSIRT - LACNIC CSIRT\" \/>\n<meta property=\"og:description\" content=\"MISS\u00c3O &#8220;Realizar as fun\u00e7\u00f5es de coordena\u00e7\u00e3o necess\u00e1rias para fortalecer as capacidades de resposta a incidentes relacionados com os endere\u00e7os da Internet da Am\u00e9rica Latina e o Caribe, no \u00e2mbito dos objetivos espec\u00edficos estabelecidos pela miss\u00e3o de LACNIC com vista a atingir o fortalecimento constante de uma Internet segura, est\u00e1vel, aberta e em cont\u00ednuo crescimento.&#8221; COMUNIDADE [&hellip;]\" \/>\n<meta property=\"og:url\" content=\"https:\/\/csirt.lacnic.net\/pt-br\/lacnic-csirt\" \/>\n<meta property=\"og:site_name\" content=\"LACNIC CSIRT\" \/>\n<meta property=\"article:modified_time\" content=\"2023-06-08T14:07:11+00:00\" \/>\n<meta property=\"og:image\" content=\"https:\/\/csirt.lacnic.net\/wp-content\/uploads\/lacnic-csirt-2020.png\" \/>\n\t<meta property=\"og:image:width\" content=\"680\" \/>\n\t<meta property=\"og:image:height\" content=\"330\" \/>\n\t<meta property=\"og:image:type\" content=\"image\/png\" \/>\n<meta name=\"twitter:card\" content=\"summary_large_image\" \/>\n<meta name=\"twitter:site\" content=\"@lacnic_csirt\" \/>\n<script type=\"application\/ld+json\" class=\"yoast-schema-graph\">{\"@context\":\"https:\\\/\\\/schema.org\",\"@graph\":[{\"@type\":\"WebPage\",\"@id\":\"https:\\\/\\\/csirt.lacnic.net\\\/pt-br\\\/lacnic-csirt\",\"url\":\"https:\\\/\\\/csirt.lacnic.net\\\/pt-br\\\/lacnic-csirt\",\"name\":\"LACNIC CSIRT - LACNIC CSIRT\",\"isPartOf\":{\"@id\":\"https:\\\/\\\/csirt.lacnic.net\\\/en\\\/#website\"},\"datePublished\":\"2023-06-08T14:07:10+00:00\",\"dateModified\":\"2023-06-08T14:07:11+00:00\",\"breadcrumb\":{\"@id\":\"https:\\\/\\\/csirt.lacnic.net\\\/pt-br\\\/lacnic-csirt#breadcrumb\"},\"inLanguage\":\"pt-BR\",\"potentialAction\":[{\"@type\":\"ReadAction\",\"target\":[\"https:\\\/\\\/csirt.lacnic.net\\\/pt-br\\\/lacnic-csirt\"]}]},{\"@type\":\"BreadcrumbList\",\"@id\":\"https:\\\/\\\/csirt.lacnic.net\\\/pt-br\\\/lacnic-csirt#breadcrumb\",\"itemListElement\":[{\"@type\":\"ListItem\",\"position\":1,\"name\":\"Portada\",\"item\":\"https:\\\/\\\/csirt.lacnic.net\\\/pt-br\"},{\"@type\":\"ListItem\",\"position\":2,\"name\":\"LACNIC CSIRT\"}]},{\"@type\":\"WebSite\",\"@id\":\"https:\\\/\\\/csirt.lacnic.net\\\/en\\\/#website\",\"url\":\"https:\\\/\\\/csirt.lacnic.net\\\/en\\\/\",\"name\":\"LACNIC CSIRT\",\"description\":\"Centro de Respuestas de Incidentes - LACNIC CSIRT\",\"publisher\":{\"@id\":\"https:\\\/\\\/csirt.lacnic.net\\\/en\\\/#organization\"},\"potentialAction\":[{\"@type\":\"SearchAction\",\"target\":{\"@type\":\"EntryPoint\",\"urlTemplate\":\"https:\\\/\\\/csirt.lacnic.net\\\/en\\\/?s={search_term_string}\"},\"query-input\":{\"@type\":\"PropertyValueSpecification\",\"valueRequired\":true,\"valueName\":\"search_term_string\"}}],\"inLanguage\":\"pt-BR\"},{\"@type\":\"Organization\",\"@id\":\"https:\\\/\\\/csirt.lacnic.net\\\/en\\\/#organization\",\"name\":\"LACNIC CSIRT\",\"url\":\"https:\\\/\\\/csirt.lacnic.net\\\/en\\\/\",\"logo\":{\"@type\":\"ImageObject\",\"inLanguage\":\"pt-BR\",\"@id\":\"https:\\\/\\\/csirt.lacnic.net\\\/en\\\/#\\\/schema\\\/logo\\\/image\\\/\",\"url\":\"https:\\\/\\\/csirt.lacnic.net\\\/wp-content\\\/uploads\\\/lacnic-csirt-2020.png\",\"contentUrl\":\"https:\\\/\\\/csirt.lacnic.net\\\/wp-content\\\/uploads\\\/lacnic-csirt-2020.png\",\"width\":680,\"height\":330,\"caption\":\"LACNIC CSIRT\"},\"image\":{\"@id\":\"https:\\\/\\\/csirt.lacnic.net\\\/en\\\/#\\\/schema\\\/logo\\\/image\\\/\"},\"sameAs\":[\"https:\\\/\\\/x.com\\\/lacnic_csirt\"]}]}<\/script>\n<!-- \/ Yoast SEO plugin. -->","yoast_head_json":{"title":"LACNIC CSIRT - LACNIC CSIRT","robots":{"index":"index","follow":"follow","max-snippet":"max-snippet:-1","max-image-preview":"max-image-preview:large","max-video-preview":"max-video-preview:-1"},"canonical":"https:\/\/csirt.lacnic.net\/pt-br\/lacnic-csirt","og_locale":"pt_BR","og_type":"article","og_title":"LACNIC CSIRT - LACNIC CSIRT","og_description":"MISS\u00c3O &#8220;Realizar as fun\u00e7\u00f5es de coordena\u00e7\u00e3o necess\u00e1rias para fortalecer as capacidades de resposta a incidentes relacionados com os endere\u00e7os da Internet da Am\u00e9rica Latina e o Caribe, no \u00e2mbito dos objetivos espec\u00edficos estabelecidos pela miss\u00e3o de LACNIC com vista a atingir o fortalecimento constante de uma Internet segura, est\u00e1vel, aberta e em cont\u00ednuo crescimento.&#8221; COMUNIDADE [&hellip;]","og_url":"https:\/\/csirt.lacnic.net\/pt-br\/lacnic-csirt","og_site_name":"LACNIC CSIRT","article_modified_time":"2023-06-08T14:07:11+00:00","og_image":[{"width":680,"height":330,"url":"https:\/\/csirt.lacnic.net\/wp-content\/uploads\/lacnic-csirt-2020.png","type":"image\/png"}],"twitter_card":"summary_large_image","twitter_site":"@lacnic_csirt","schema":{"@context":"https:\/\/schema.org","@graph":[{"@type":"WebPage","@id":"https:\/\/csirt.lacnic.net\/pt-br\/lacnic-csirt","url":"https:\/\/csirt.lacnic.net\/pt-br\/lacnic-csirt","name":"LACNIC CSIRT - LACNIC CSIRT","isPartOf":{"@id":"https:\/\/csirt.lacnic.net\/en\/#website"},"datePublished":"2023-06-08T14:07:10+00:00","dateModified":"2023-06-08T14:07:11+00:00","breadcrumb":{"@id":"https:\/\/csirt.lacnic.net\/pt-br\/lacnic-csirt#breadcrumb"},"inLanguage":"pt-BR","potentialAction":[{"@type":"ReadAction","target":["https:\/\/csirt.lacnic.net\/pt-br\/lacnic-csirt"]}]},{"@type":"BreadcrumbList","@id":"https:\/\/csirt.lacnic.net\/pt-br\/lacnic-csirt#breadcrumb","itemListElement":[{"@type":"ListItem","position":1,"name":"Portada","item":"https:\/\/csirt.lacnic.net\/pt-br"},{"@type":"ListItem","position":2,"name":"LACNIC CSIRT"}]},{"@type":"WebSite","@id":"https:\/\/csirt.lacnic.net\/en\/#website","url":"https:\/\/csirt.lacnic.net\/en\/","name":"LACNIC CSIRT","description":"Centro de Respuestas de Incidentes - LACNIC CSIRT","publisher":{"@id":"https:\/\/csirt.lacnic.net\/en\/#organization"},"potentialAction":[{"@type":"SearchAction","target":{"@type":"EntryPoint","urlTemplate":"https:\/\/csirt.lacnic.net\/en\/?s={search_term_string}"},"query-input":{"@type":"PropertyValueSpecification","valueRequired":true,"valueName":"search_term_string"}}],"inLanguage":"pt-BR"},{"@type":"Organization","@id":"https:\/\/csirt.lacnic.net\/en\/#organization","name":"LACNIC CSIRT","url":"https:\/\/csirt.lacnic.net\/en\/","logo":{"@type":"ImageObject","inLanguage":"pt-BR","@id":"https:\/\/csirt.lacnic.net\/en\/#\/schema\/logo\/image\/","url":"https:\/\/csirt.lacnic.net\/wp-content\/uploads\/lacnic-csirt-2020.png","contentUrl":"https:\/\/csirt.lacnic.net\/wp-content\/uploads\/lacnic-csirt-2020.png","width":680,"height":330,"caption":"LACNIC CSIRT"},"image":{"@id":"https:\/\/csirt.lacnic.net\/en\/#\/schema\/logo\/image\/"},"sameAs":["https:\/\/x.com\/lacnic_csirt"]}]}},"jetpack_sharing_enabled":true,"_links":{"self":[{"href":"https:\/\/csirt.lacnic.net\/pt-br\/wp-json\/wp\/v2\/pages\/4316","targetHints":{"allow":["GET"]}}],"collection":[{"href":"https:\/\/csirt.lacnic.net\/pt-br\/wp-json\/wp\/v2\/pages"}],"about":[{"href":"https:\/\/csirt.lacnic.net\/pt-br\/wp-json\/wp\/v2\/types\/page"}],"author":[{"embeddable":true,"href":"https:\/\/csirt.lacnic.net\/pt-br\/wp-json\/wp\/v2\/users\/3"}],"replies":[{"embeddable":true,"href":"https:\/\/csirt.lacnic.net\/pt-br\/wp-json\/wp\/v2\/comments?post=4316"}],"version-history":[{"count":0,"href":"https:\/\/csirt.lacnic.net\/pt-br\/wp-json\/wp\/v2\/pages\/4316\/revisions"}],"wp:attachment":[{"href":"https:\/\/csirt.lacnic.net\/pt-br\/wp-json\/wp\/v2\/media?parent=4316"}],"curies":[{"name":"wp","href":"https:\/\/api.w.org\/{rel}","templated":true}]}}