

{"id":4338,"date":"2023-06-08T17:10:21","date_gmt":"2023-06-08T14:10:21","guid":{"rendered":"https:\/\/csirt.lacnic.net\/?page_id=4338"},"modified":"2023-06-08T17:10:22","modified_gmt":"2023-06-08T14:10:22","slug":"servicos","status":"publish","type":"page","link":"https:\/\/csirt.lacnic.net\/pt-br\/servicos","title":{"rendered":"Servi\u00e7os"},"content":{"rendered":"<h3>Notifica\u00e7\u00e3o de incidentes<\/h3>\n<p>LACNIC CSIRT proporciona aos membros um ponto de confian\u00e7a para notificar incidentes de seguran\u00e7a e outras informa\u00e7\u00f5es sens\u00edveis sem medo de que estas possam ser usadas contra eles.<\/p>\n<p><a class=\"move\" href=\"https:\/\/csirt.lacnic.net\/reportar-incidente\/\">Notifique seu incidente aqui (Formul\u00e1rio)<\/a><\/p>\n<h3>Intermedia\u00e7\u00e3o<\/h3>\n<p>LACNIC CSIRT oferece um ambiente seguro e an\u00f4nimo de intermedia\u00e7\u00e3o para a procura, discuss\u00e3o e troca de informa\u00e7\u00f5es de incidentes de seguran\u00e7a e boas pr\u00e1ticas.<\/p>\n<h3>Alertas de seguran\u00e7a<\/h3>\n<p>LACNIC CSIRT alerta sobre problemas de seguran\u00e7a inform\u00e1tica relevantes para a comunidade atrav\u00e9s do seu site.<\/p>\n<h3>Capacita\u00e7\u00f5es<\/h3>\n<p>LACNIC CSIRT promove a cultura do uso adequado das TIC, boas pr\u00e1ticas e capacita\u00e7\u00f5es. Com o projeto AMPARO instru\u00edmos nossa comunidade sobre como formar seus pr\u00f3prios centros de resposta (CERT-CSIRT) e outras quest\u00f5es relacionadas com a gest\u00e3o de incidentes.<\/p>\n","protected":false},"excerpt":{"rendered":"<p>Notifica\u00e7\u00e3o de incidentes LACNIC CSIRT proporciona aos membros um ponto de confian\u00e7a para notificar incidentes de seguran\u00e7a e outras informa\u00e7\u00f5es sens\u00edveis sem medo de que estas possam ser usadas contra eles. Notifique seu incidente aqui (Formul\u00e1rio) Intermedia\u00e7\u00e3o LACNIC CSIRT oferece um ambiente seguro e an\u00f4nimo de intermedia\u00e7\u00e3o para a procura, discuss\u00e3o e troca de informa\u00e7\u00f5es [&hellip;]<\/p>\n","protected":false},"author":3,"featured_media":0,"parent":0,"menu_order":0,"comment_status":"closed","ping_status":"closed","template":"","meta":{"_acf_changed":false,"footnotes":""},"class_list":["post-4338","page","type-page","status-publish","hentry"],"acf":[],"yoast_head":"<!-- This site is optimized with the Yoast SEO plugin v27.3 - https:\/\/yoast.com\/product\/yoast-seo-wordpress\/ -->\n<title>LACNIC CSIRT - Servi\u00e7os<\/title>\n<meta name=\"robots\" content=\"index, follow, max-snippet:-1, max-image-preview:large, max-video-preview:-1\" \/>\n<link rel=\"canonical\" href=\"https:\/\/csirt.lacnic.net\/pt-br\/servicos\" \/>\n<meta property=\"og:locale\" content=\"pt_BR\" \/>\n<meta property=\"og:type\" content=\"article\" \/>\n<meta property=\"og:title\" content=\"LACNIC CSIRT - Servi\u00e7os\" \/>\n<meta property=\"og:description\" content=\"Notifica\u00e7\u00e3o de incidentes LACNIC CSIRT proporciona aos membros um ponto de confian\u00e7a para notificar incidentes de seguran\u00e7a e outras informa\u00e7\u00f5es sens\u00edveis sem medo de que estas possam ser usadas contra eles. Notifique seu incidente aqui (Formul\u00e1rio) Intermedia\u00e7\u00e3o LACNIC CSIRT oferece um ambiente seguro e an\u00f4nimo de intermedia\u00e7\u00e3o para a procura, discuss\u00e3o e troca de informa\u00e7\u00f5es [&hellip;]\" \/>\n<meta property=\"og:url\" content=\"https:\/\/csirt.lacnic.net\/pt-br\/servicos\" \/>\n<meta property=\"og:site_name\" content=\"LACNIC CSIRT\" \/>\n<meta property=\"article:modified_time\" content=\"2023-06-08T14:10:22+00:00\" \/>\n<meta property=\"og:image\" content=\"https:\/\/csirt.lacnic.net\/wp-content\/uploads\/lacnic-csirt-2020.png\" \/>\n\t<meta property=\"og:image:width\" content=\"680\" \/>\n\t<meta property=\"og:image:height\" content=\"330\" \/>\n\t<meta property=\"og:image:type\" content=\"image\/png\" \/>\n<meta name=\"twitter:card\" content=\"summary_large_image\" \/>\n<meta name=\"twitter:site\" content=\"@lacnic_csirt\" \/>\n<script type=\"application\/ld+json\" class=\"yoast-schema-graph\">{\"@context\":\"https:\\\/\\\/schema.org\",\"@graph\":[{\"@type\":\"WebPage\",\"@id\":\"https:\\\/\\\/csirt.lacnic.net\\\/pt-br\\\/servicos\",\"url\":\"https:\\\/\\\/csirt.lacnic.net\\\/pt-br\\\/servicos\",\"name\":\"LACNIC CSIRT - Servi\u00e7os\",\"isPartOf\":{\"@id\":\"https:\\\/\\\/csirt.lacnic.net\\\/en\\\/#website\"},\"datePublished\":\"2023-06-08T14:10:21+00:00\",\"dateModified\":\"2023-06-08T14:10:22+00:00\",\"breadcrumb\":{\"@id\":\"https:\\\/\\\/csirt.lacnic.net\\\/pt-br\\\/servicos#breadcrumb\"},\"inLanguage\":\"pt-BR\",\"potentialAction\":[{\"@type\":\"ReadAction\",\"target\":[\"https:\\\/\\\/csirt.lacnic.net\\\/pt-br\\\/servicos\"]}]},{\"@type\":\"BreadcrumbList\",\"@id\":\"https:\\\/\\\/csirt.lacnic.net\\\/pt-br\\\/servicos#breadcrumb\",\"itemListElement\":[{\"@type\":\"ListItem\",\"position\":1,\"name\":\"Portada\",\"item\":\"https:\\\/\\\/csirt.lacnic.net\\\/pt-br\"},{\"@type\":\"ListItem\",\"position\":2,\"name\":\"Servi\u00e7os\"}]},{\"@type\":\"WebSite\",\"@id\":\"https:\\\/\\\/csirt.lacnic.net\\\/en\\\/#website\",\"url\":\"https:\\\/\\\/csirt.lacnic.net\\\/en\\\/\",\"name\":\"LACNIC CSIRT\",\"description\":\"Centro de Respuestas de Incidentes - LACNIC CSIRT\",\"publisher\":{\"@id\":\"https:\\\/\\\/csirt.lacnic.net\\\/en\\\/#organization\"},\"potentialAction\":[{\"@type\":\"SearchAction\",\"target\":{\"@type\":\"EntryPoint\",\"urlTemplate\":\"https:\\\/\\\/csirt.lacnic.net\\\/en\\\/?s={search_term_string}\"},\"query-input\":{\"@type\":\"PropertyValueSpecification\",\"valueRequired\":true,\"valueName\":\"search_term_string\"}}],\"inLanguage\":\"pt-BR\"},{\"@type\":\"Organization\",\"@id\":\"https:\\\/\\\/csirt.lacnic.net\\\/en\\\/#organization\",\"name\":\"LACNIC CSIRT\",\"url\":\"https:\\\/\\\/csirt.lacnic.net\\\/en\\\/\",\"logo\":{\"@type\":\"ImageObject\",\"inLanguage\":\"pt-BR\",\"@id\":\"https:\\\/\\\/csirt.lacnic.net\\\/en\\\/#\\\/schema\\\/logo\\\/image\\\/\",\"url\":\"https:\\\/\\\/csirt.lacnic.net\\\/wp-content\\\/uploads\\\/lacnic-csirt-2020.png\",\"contentUrl\":\"https:\\\/\\\/csirt.lacnic.net\\\/wp-content\\\/uploads\\\/lacnic-csirt-2020.png\",\"width\":680,\"height\":330,\"caption\":\"LACNIC CSIRT\"},\"image\":{\"@id\":\"https:\\\/\\\/csirt.lacnic.net\\\/en\\\/#\\\/schema\\\/logo\\\/image\\\/\"},\"sameAs\":[\"https:\\\/\\\/x.com\\\/lacnic_csirt\"]}]}<\/script>\n<!-- \/ Yoast SEO plugin. -->","yoast_head_json":{"title":"LACNIC CSIRT - Servi\u00e7os","robots":{"index":"index","follow":"follow","max-snippet":"max-snippet:-1","max-image-preview":"max-image-preview:large","max-video-preview":"max-video-preview:-1"},"canonical":"https:\/\/csirt.lacnic.net\/pt-br\/servicos","og_locale":"pt_BR","og_type":"article","og_title":"LACNIC CSIRT - Servi\u00e7os","og_description":"Notifica\u00e7\u00e3o de incidentes LACNIC CSIRT proporciona aos membros um ponto de confian\u00e7a para notificar incidentes de seguran\u00e7a e outras informa\u00e7\u00f5es sens\u00edveis sem medo de que estas possam ser usadas contra eles. Notifique seu incidente aqui (Formul\u00e1rio) Intermedia\u00e7\u00e3o LACNIC CSIRT oferece um ambiente seguro e an\u00f4nimo de intermedia\u00e7\u00e3o para a procura, discuss\u00e3o e troca de informa\u00e7\u00f5es [&hellip;]","og_url":"https:\/\/csirt.lacnic.net\/pt-br\/servicos","og_site_name":"LACNIC CSIRT","article_modified_time":"2023-06-08T14:10:22+00:00","og_image":[{"width":680,"height":330,"url":"https:\/\/csirt.lacnic.net\/wp-content\/uploads\/lacnic-csirt-2020.png","type":"image\/png"}],"twitter_card":"summary_large_image","twitter_site":"@lacnic_csirt","schema":{"@context":"https:\/\/schema.org","@graph":[{"@type":"WebPage","@id":"https:\/\/csirt.lacnic.net\/pt-br\/servicos","url":"https:\/\/csirt.lacnic.net\/pt-br\/servicos","name":"LACNIC CSIRT - Servi\u00e7os","isPartOf":{"@id":"https:\/\/csirt.lacnic.net\/en\/#website"},"datePublished":"2023-06-08T14:10:21+00:00","dateModified":"2023-06-08T14:10:22+00:00","breadcrumb":{"@id":"https:\/\/csirt.lacnic.net\/pt-br\/servicos#breadcrumb"},"inLanguage":"pt-BR","potentialAction":[{"@type":"ReadAction","target":["https:\/\/csirt.lacnic.net\/pt-br\/servicos"]}]},{"@type":"BreadcrumbList","@id":"https:\/\/csirt.lacnic.net\/pt-br\/servicos#breadcrumb","itemListElement":[{"@type":"ListItem","position":1,"name":"Portada","item":"https:\/\/csirt.lacnic.net\/pt-br"},{"@type":"ListItem","position":2,"name":"Servi\u00e7os"}]},{"@type":"WebSite","@id":"https:\/\/csirt.lacnic.net\/en\/#website","url":"https:\/\/csirt.lacnic.net\/en\/","name":"LACNIC CSIRT","description":"Centro de Respuestas de Incidentes - LACNIC CSIRT","publisher":{"@id":"https:\/\/csirt.lacnic.net\/en\/#organization"},"potentialAction":[{"@type":"SearchAction","target":{"@type":"EntryPoint","urlTemplate":"https:\/\/csirt.lacnic.net\/en\/?s={search_term_string}"},"query-input":{"@type":"PropertyValueSpecification","valueRequired":true,"valueName":"search_term_string"}}],"inLanguage":"pt-BR"},{"@type":"Organization","@id":"https:\/\/csirt.lacnic.net\/en\/#organization","name":"LACNIC CSIRT","url":"https:\/\/csirt.lacnic.net\/en\/","logo":{"@type":"ImageObject","inLanguage":"pt-BR","@id":"https:\/\/csirt.lacnic.net\/en\/#\/schema\/logo\/image\/","url":"https:\/\/csirt.lacnic.net\/wp-content\/uploads\/lacnic-csirt-2020.png","contentUrl":"https:\/\/csirt.lacnic.net\/wp-content\/uploads\/lacnic-csirt-2020.png","width":680,"height":330,"caption":"LACNIC CSIRT"},"image":{"@id":"https:\/\/csirt.lacnic.net\/en\/#\/schema\/logo\/image\/"},"sameAs":["https:\/\/x.com\/lacnic_csirt"]}]}},"jetpack_sharing_enabled":true,"_links":{"self":[{"href":"https:\/\/csirt.lacnic.net\/pt-br\/wp-json\/wp\/v2\/pages\/4338","targetHints":{"allow":["GET"]}}],"collection":[{"href":"https:\/\/csirt.lacnic.net\/pt-br\/wp-json\/wp\/v2\/pages"}],"about":[{"href":"https:\/\/csirt.lacnic.net\/pt-br\/wp-json\/wp\/v2\/types\/page"}],"author":[{"embeddable":true,"href":"https:\/\/csirt.lacnic.net\/pt-br\/wp-json\/wp\/v2\/users\/3"}],"replies":[{"embeddable":true,"href":"https:\/\/csirt.lacnic.net\/pt-br\/wp-json\/wp\/v2\/comments?post=4338"}],"version-history":[{"count":0,"href":"https:\/\/csirt.lacnic.net\/pt-br\/wp-json\/wp\/v2\/pages\/4338\/revisions"}],"wp:attachment":[{"href":"https:\/\/csirt.lacnic.net\/pt-br\/wp-json\/wp\/v2\/media?parent=4338"}],"curies":[{"name":"wp","href":"https:\/\/api.w.org\/{rel}","templated":true}]}}